{"id":7791,"date":"2023-11-13T21:14:51","date_gmt":"2023-11-13T21:14:51","guid":{"rendered":"http:\/\/www.chellah.site\/reglamento-interno\/"},"modified":"2024-02-23T17:38:12","modified_gmt":"2024-02-23T17:38:12","slug":"reglamento-interno","status":"publish","type":"page","link":"https:\/\/www.chellah.site\/es\/reglamento-interno\/","title":{"rendered":"Reglamento Interno"},"content":{"rendered":"[vc_row type=\u00bbfull_width_background\u00bb full_screen_row_position=\u00bbmiddle\u00bb column_margin=\u00bbdefault\u00bb column_direction=\u00bbdefault\u00bb column_direction_tablet=\u00bbdefault\u00bb column_direction_phone=\u00bbdefault\u00bb bg_color=\u00bb#033365&#8243; bg_image=\u00bb5715&#8243; bg_position=\u00bbcenter center\u00bb background_image_loading=\u00bbdefault\u00bb bg_repeat=\u00bbno-repeat\u00bb scene_position=\u00bbcenter\u00bb top_padding=\u00bb14%\u00bb text_color=\u00bbdark\u00bb text_align=\u00bbleft\u00bb row_border_radius=\u00bbnone\u00bb row_border_radius_applies=\u00bbbg\u00bb zindex=\u00bb100&#8243; overflow=\u00bbvisible\u00bb overlay_strength=\u00bb0.95&#8243; gradient_direction=\u00bbleft_t_to_right_b\u00bb shape_divider_position=\u00bbbottom\u00bb bg_image_animation=\u00bbnone\u00bb shape_type=\u00bb\u00bb gradient_type=\u00bbdefault\u00bb][vc_column column_padding=\u00bbno-extra-padding\u00bb column_padding_tablet=\u00bbinherit\u00bb column_padding_phone=\u00bbinherit\u00bb column_padding_position=\u00bball\u00bb column_element_direction_desktop=\u00bbdefault\u00bb column_element_spacing=\u00bbdefault\u00bb desktop_text_alignment=\u00bbdefault\u00bb tablet_text_alignment=\u00bbdefault\u00bb phone_text_alignment=\u00bbdefault\u00bb background_color_opacity=\u00bb1&#8243; background_hover_color_opacity=\u00bb1&#8243; column_backdrop_filter=\u00bbnone\u00bb column_shadow=\u00bbnone\u00bb column_border_radius=\u00bbnone\u00bb column_link_target=\u00bb_self\u00bb column_position=\u00bbdefault\u00bb gradient_direction=\u00bbleft_to_right\u00bb overlay_strength=\u00bb0.3&#8243; width=\u00bb1\/6&#8243; tablet_width_inherit=\u00bbdefault\u00bb animation_type=\u00bbdefault\u00bb bg_image_animation=\u00bbnone\u00bb border_type=\u00bbsimple\u00bb column_border_width=\u00bbnone\u00bb column_border_style=\u00bbsolid\u00bb][\/vc_column][vc_column column_padding=\u00bbno-extra-padding\u00bb column_padding_tablet=\u00bbinherit\u00bb column_padding_phone=\u00bbinherit\u00bb column_padding_position=\u00bball\u00bb column_element_direction_desktop=\u00bbdefault\u00bb column_element_spacing=\u00bbdefault\u00bb desktop_text_alignment=\u00bbdefault\u00bb tablet_text_alignment=\u00bbdefault\u00bb phone_text_alignment=\u00bbdefault\u00bb background_color_opacity=\u00bb1&#8243; background_hover_color_opacity=\u00bb1&#8243; column_backdrop_filter=\u00bbnone\u00bb column_shadow=\u00bbnone\u00bb column_border_radius=\u00bbnone\u00bb column_link_target=\u00bb_self\u00bb column_position=\u00bbdefault\u00bb gradient_direction=\u00bbleft_to_right\u00bb overlay_strength=\u00bb0.3&#8243; width=\u00bb2\/3&#8243; tablet_width_inherit=\u00bbdefault\u00bb animation_type=\u00bbdefault\u00bb bg_image_animation=\u00bbnone\u00bb border_type=\u00bbsimple\u00bb column_border_width=\u00bbnone\u00bb column_border_style=\u00bbsolid\u00bb][vc_row_inner column_margin=\u00bbdefault\u00bb column_direction=\u00bbdefault\u00bb column_direction_tablet=\u00bbdefault\u00bb column_direction_phone=\u00bbdefault\u00bb bottom_padding=\u00bb7%\u00bb text_align=\u00bbleft\u00bb row_position=\u00bbdefault\u00bb row_position_tablet=\u00bbinherit\u00bb row_position_phone=\u00bbinherit\u00bb overflow=\u00bbvisible\u00bb pointer_events=\u00bball\u00bb][vc_column_inner column_padding=\u00bbno-extra-padding\u00bb column_padding_tablet=\u00bbinherit\u00bb column_padding_phone=\u00bbinherit\u00bb column_padding_position=\u00bball\u00bb column_element_direction_desktop=\u00bbdefault\u00bb column_element_spacing=\u00bbdefault\u00bb centered_text=\u00bbtrue\u00bb desktop_text_alignment=\u00bbdefault\u00bb tablet_text_alignment=\u00bbdefault\u00bb phone_text_alignment=\u00bbdefault\u00bb background_color_opacity=\u00bb1&#8243; background_hover_color_opacity=\u00bb1&#8243; column_backdrop_filter=\u00bbnone\u00bb font_color=\u00bb#ffffff\u00bb column_shadow=\u00bbnone\u00bb column_border_radius=\u00bbnone\u00bb column_link_target=\u00bb_self\u00bb overflow=\u00bbvisible\u00bb gradient_direction=\u00bbleft_to_right\u00bb overlay_strength=\u00bb0.3&#8243; width=\u00bb1\/1&#8243; tablet_width_inherit=\u00bbdefault\u00bb animation_type=\u00bbdefault\u00bb bg_image_animation=\u00bbnone\u00bb border_type=\u00bbsimple\u00bb column_border_width=\u00bbnone\u00bb column_border_style=\u00bbsolid\u00bb][vc_column_text]\n<h1>Reglamento Interno<\/h1>\n[\/vc_column_text][\/vc_column_inner][\/vc_row_inner][\/vc_column][vc_column column_padding=\u00bbno-extra-padding\u00bb column_padding_tablet=\u00bbinherit\u00bb column_padding_phone=\u00bbinherit\u00bb column_padding_position=\u00bball\u00bb column_element_direction_desktop=\u00bbdefault\u00bb column_element_spacing=\u00bbdefault\u00bb desktop_text_alignment=\u00bbdefault\u00bb tablet_text_alignment=\u00bbdefault\u00bb phone_text_alignment=\u00bbdefault\u00bb background_color_opacity=\u00bb1&#8243; background_hover_color_opacity=\u00bb1&#8243; column_backdrop_filter=\u00bbnone\u00bb column_shadow=\u00bbnone\u00bb column_border_radius=\u00bbnone\u00bb column_link_target=\u00bb_self\u00bb column_position=\u00bbdefault\u00bb gradient_direction=\u00bbleft_to_right\u00bb overlay_strength=\u00bb0.3&#8243; width=\u00bb1\/6&#8243; tablet_width_inherit=\u00bbdefault\u00bb animation_type=\u00bbdefault\u00bb bg_image_animation=\u00bbnone\u00bb border_type=\u00bbsimple\u00bb column_border_width=\u00bbnone\u00bb column_border_style=\u00bbsolid\u00bb][\/vc_column][\/vc_row][vc_row type=\u00bbfull_width_background\u00bb full_screen_row_position=\u00bbmiddle\u00bb column_margin=\u00bbdefault\u00bb column_direction=\u00bbdefault\u00bb column_direction_tablet=\u00bbdefault\u00bb column_direction_phone=\u00bbdefault\u00bb bg_color=\u00bb#ffffff\u00bb scene_position=\u00bbcenter\u00bb text_color=\u00bbdark\u00bb text_align=\u00bbleft\u00bb row_border_radius=\u00bbnone\u00bb row_border_radius_applies=\u00bbbg\u00bb overflow=\u00bbvisible\u00bb overlay_strength=\u00bb0.3&#8243; gradient_direction=\u00bbleft_to_right\u00bb shape_divider_position=\u00bbbottom\u00bb bg_image_animation=\u00bbnone\u00bb shape_type=\u00bb\u00bb gradient_type=\u00bbdefault\u00bb][vc_column column_padding=\u00bbpadding-4-percent\u00bb column_padding_tablet=\u00bbinherit\u00bb column_padding_phone=\u00bbinherit\u00bb column_padding_position=\u00bball\u00bb column_element_direction_desktop=\u00bbdefault\u00bb column_element_spacing=\u00bbdefault\u00bb desktop_text_alignment=\u00bbdefault\u00bb tablet_text_alignment=\u00bbdefault\u00bb phone_text_alignment=\u00bbdefault\u00bb background_color_opacity=\u00bb1&#8243; background_hover_color_opacity=\u00bb1&#8243; column_backdrop_filter=\u00bbnone\u00bb column_shadow=\u00bbnone\u00bb column_border_radius=\u00bbnone\u00bb column_link_target=\u00bb_self\u00bb column_position=\u00bbdefault\u00bb gradient_direction=\u00bbleft_to_right\u00bb overlay_strength=\u00bb0.3&#8243; width=\u00bb1\/1&#8243; tablet_width_inherit=\u00bbdefault\u00bb animation_type=\u00bbdefault\u00bb bg_image_animation=\u00bbnone\u00bb border_type=\u00bbsimple\u00bb column_border_width=\u00bbnone\u00bb column_border_style=\u00bbsolid\u00bb column_padding_type=\u00bbdefault\u00bb gradient_type=\u00bbdefault\u00bb][vc_column_text]<strong>Art\u00edculo 1<\/strong>: El presente reglamento tiene por objeto informar a los visitantes del sitio sobre las condiciones de visita. Se pretende garantizar la seguridad de las personas, la preservaci\u00f3n de los lugares y la calidad de la visita.[\/vc_column_text][divider line_type=\u00bbNo Line\u00bb custom_height=\u00bb20&#8243;][vc_custom_heading text=\u00bbT\u00cdTULO I &#8211; ACCESO AL SITIO\u00bb font_container=\u00bbtag:h4|text_align:left\u00bb use_theme_fonts=\u00bbyes\u00bb][vc_column_text]<strong>Art\u00edculo 2<\/strong>: El sitio est\u00e1 abierto al p\u00fablico seg\u00fan los horarios indicados en la entrada. Por favor respetar los horarios de apertura y cierre.<\/p>\n<p><strong>Art\u00edculo 3<\/strong>: El ingreso y circulaci\u00f3n dentro del sitio requiere la posesi\u00f3n de un permiso de acceso (boleto o pase emitido por la SRPPH).<\/p>\n<p><strong>Art\u00edculo 4<\/strong>: Est\u00e1 prohibido introducir en el sitio los siguientes objetos:<\/p>\n<ul>\n<li>Armas y municiones,<\/li>\n<li>Sustancias explosivas, inflamables o vol\u00e1tiles,<\/li>\n<li>Objetos peligrosos, malolientes, excesivamente pesados \u200b\u200bo voluminosos,<\/li>\n<li>Animales,<\/li>\n<\/ul>\n<p>En general, est\u00e1 prohibido hacer picnic o consumir alimentos dentro del Chellah. Se permite agua embotellada.<\/p>\n<p><strong>Art\u00edculo 5<\/strong>: El acceso al recinto est\u00e1 limitado a 1 hora antes del cierre. El personal de recepci\u00f3n y vigilancia solicitar\u00e1 al p\u00fablico que se dirija hacia las salidas para que los \u00faltimos visitantes puedan abandonar el recinto antes de la hora de cierre.[\/vc_column_text][divider line_type=\u00bbNo Line\u00bb custom_height=\u00bb20&#8243;][vc_custom_heading text=\u00bbT\u00cdTULO II \u2014 COMPORTAMIENTO GENERAL DE LOS VISITANTES\u00bb font_container=\u00bbtag:h4|text_align:left\u00bb use_theme_fonts=\u00bbyes\u00bb][vc_column_text]<strong>Art\u00edculo 6<\/strong>: En inter\u00e9s de la protecci\u00f3n del patrimonio, los visitantes tienen prohibido:<\/p>\n<ul>\n<li>Para colocar graffitis, inscripciones, marcas o suciedad en cualquier lugar del sitio,<\/li>\n<li>Para participar en carreras, deslizamientos o escaladas,<\/li>\n<li>Abandonar, aunque sea por unos instantes, objetos personales,<\/li>\n<li>Fumar y escupir dentro del sitio,<\/li>\n<li>Tirar al suelo papeles o basura, en particular chicles,<\/li>\n<li>Molestar a otros visitantes con cualquier manifestaci\u00f3n ruidosa, en particular escuchando dispositivos o utilizando tel\u00e9fonos m\u00f3viles.<\/li>\n<\/ul>\n<p><strong>Art\u00edculo 7<\/strong>: Se autorizan fotograf\u00edas y grabaciones de video de los visitantes del sitio (no profesionales).<\/p>\n<p><strong>Art\u00edculo 8<\/strong>: Se requiere el acuerdo previo expreso de la direcci\u00f3n del sitio de Chellah (SRRPH) en los siguientes casos:<\/p>\n<ul>\n<li>Grabaciones cinematogr\u00e1ficas;<\/li>\n<li>Grabaci\u00f3n de emisiones de radio o televisi\u00f3n, as\u00ed como fotograf\u00edas\/v\u00eddeos;<\/li>\n<li>Toma profesional;<\/li>\n<li>Con car\u00e1cter general, la organizaci\u00f3n de cualquier tipo de evento requiere autorizaci\u00f3n previa.<\/li>\n<\/ul>\n<p><strong>Art\u00edculo 9<\/strong>: Las encuestas y encuestas a visitantes y personal requieren autorizaci\u00f3n previa de la direcci\u00f3n del sitio de Chellah (SRRPH).[\/vc_column_text][divider line_type=\u00bbNo Line\u00bb custom_height=\u00bb20&#8243;][vc_custom_heading text=\u00bbT\u00cdTULO III &#8211; SEGURIDAD DE LAS PERSONAS, DE LAS OBRAS Y DEL SITIO\u00bb font_container=\u00bbtag:h4|text_align:left\u00bb use_theme_fonts=\u00bbyes\u00bb][vc_column_text]<strong>Art\u00edculo 10<\/strong>: Los visitantes deben evitar cualquier acci\u00f3n que pueda comprometer la seguridad de las personas y de los bienes.<\/p>\n<p><strong>Art\u00edculo 11<\/strong>: Se solicita a los visitantes que informen inmediatamente de cualquier accidente o incidente anormal a un agente de seguridad.<\/p>\n<p><strong>Art\u00edculo 12<\/strong>: En caso de accidente o enfermedad, queda terminantemente prohibido mover al afectado, hacerle ingerir cualquier cosa o administrarle medicamentos antes de que llegue la ayuda. Se debe mantener a la persona en la posici\u00f3n en la que se encuentra y se debe evitar cualquier intervenci\u00f3n m\u00e9dica no profesional mientras se espera que llegue asistencia calificada.<\/p>\n<p><strong>Art\u00edculo 13<\/strong>: En cualquier momento, por razones imperiosas de seguridad o protecci\u00f3n, se podr\u00e1n tomar medidas, incluyendo el cierre de accesos y el control de salidas.[\/vc_column_text][divider line_type=\u00bbNo Line\u00bb custom_height=\u00bb20&#8243;][vc_custom_heading text=\u00bbT\u00cdTULO IV &#8211; CUMPLIMIENTO DE LA NORMATIVA\u00bb font_container=\u00bbtag:h4|text_align:left\u00bb use_theme_fonts=\u00bbyes\u00bb][vc_column_text]<strong>Art\u00edculo 14<\/strong>: El p\u00fablico est\u00e1 obligado a seguir las instrucciones y recomendaciones de los agentes del sitio.<\/p>\n<p><strong>Art\u00edculo 15<\/strong>: El incumplimiento de lo dispuesto en el presente reglamento expone al infractor a sanciones, incluida la expulsi\u00f3n del sitio y, en su caso, a acciones judiciales. Es imperativo cumplir estrictamente con las normas establecidas para evitar cualquier inconveniente y preservar la integridad del marco regulatorio vigente.<\/p>\n<p><strong>Art\u00edculo 16<\/strong> : Toda persona que intencionalmente mutile, da\u00f1e o amenace con da\u00f1ar el sitio, sus colecciones o los objetos vinculados a su mantenimiento y valorizaci\u00f3n, ser\u00e1 pasible de pena y castigo de conformidad con la Ley n\u00ba 22-80 relativa a la conservaci\u00f3n de monumentos y sitios hist\u00f3ricos, inscripciones, objetos de arte y antig\u00fcedades promulgados por Dahir No. 1-80-341 de Safar 17, 1401 (25 de diciembre de 1980).<\/p>\n<p><strong>Art\u00edculo 17<\/strong>: Cualquier agresi\u00f3n verbal o f\u00edsica cometida por un visitante contra un agente del establecimiento podr\u00e1 ser objeto de persecuci\u00f3n penal de conformidad con las disposiciones del c\u00f3digo penal.[\/vc_column_text][divider line_type=\u00bbNo Line\u00bb custom_height=\u00bb5&#8243;][\/vc_column][\/vc_row]\n","protected":false},"excerpt":{"rendered":"<p>[vc_row type=\u00bbfull_width_background\u00bb full_screen_row_position=\u00bbmiddle\u00bb column_margin=\u00bbdefault\u00bb column_direction=\u00bbdefault\u00bb column_direction_tablet=\u00bbdefault\u00bb column_direction_phone=\u00bbdefault\u00bb bg_color=\u00bb#033365&#8243; bg_image=\u00bb5715&#8243; bg_position=\u00bbcenter center\u00bb background_image_loading=\u00bbdefault\u00bb bg_repeat=\u00bbno-repeat\u00bb scene_position=\u00bbcenter\u00bb top_padding=\u00bb14%\u00bb&#8230;<\/p>\n","protected":false},"author":1,"featured_media":0,"parent":0,"menu_order":0,"comment_status":"closed","ping_status":"closed","template":"","meta":{"footnotes":""},"class_list":["post-7791","page","type-page","status-publish"],"_links":{"self":[{"href":"https:\/\/www.chellah.site\/es\/wp-json\/wp\/v2\/pages\/7791","targetHints":{"allow":["GET"]}}],"collection":[{"href":"https:\/\/www.chellah.site\/es\/wp-json\/wp\/v2\/pages"}],"about":[{"href":"https:\/\/www.chellah.site\/es\/wp-json\/wp\/v2\/types\/page"}],"author":[{"embeddable":true,"href":"https:\/\/www.chellah.site\/es\/wp-json\/wp\/v2\/users\/1"}],"replies":[{"embeddable":true,"href":"https:\/\/www.chellah.site\/es\/wp-json\/wp\/v2\/comments?post=7791"}],"version-history":[{"count":2,"href":"https:\/\/www.chellah.site\/es\/wp-json\/wp\/v2\/pages\/7791\/revisions"}],"predecessor-version":[{"id":7793,"href":"https:\/\/www.chellah.site\/es\/wp-json\/wp\/v2\/pages\/7791\/revisions\/7793"}],"wp:attachment":[{"href":"https:\/\/www.chellah.site\/es\/wp-json\/wp\/v2\/media?parent=7791"}],"curies":[{"name":"wp","href":"https:\/\/api.w.org\/{rel}","templated":true}]}}